{"id":1435,"date":"2022-02-27T11:37:20","date_gmt":"2022-02-27T10:37:20","guid":{"rendered":"https:\/\/acontrevents63.fr\/?page_id=1435"},"modified":"2022-03-17T08:24:03","modified_gmt":"2022-03-17T07:24:03","slug":"petition","status":"publish","type":"page","link":"https:\/\/acontrevents63.fr\/?page_id=1435","title":{"rendered":"P\u00e9tition"},"content":{"rendered":"\n<p><\/p>\n\n\n\n<div class=\"wp-block-image\"><figure class=\"alignright size-full\"><img fetchpriority=\"high\" decoding=\"async\" width=\"650\" height=\"248\" src=\"https:\/\/acontrevents63.fr\/wp-content\/uploads\/2022\/03\/Democratie.jpg\" alt=\"\" class=\"wp-image-1588\" srcset=\"https:\/\/acontrevents63.fr\/wp-content\/uploads\/2022\/03\/Democratie.jpg 650w, https:\/\/acontrevents63.fr\/wp-content\/uploads\/2022\/03\/Democratie-300x114.jpg 300w\" sizes=\"(max-width: 650px) 100vw, 650px\" \/><\/figure><\/div>\n\n\n\n<p><\/p>\n\n\n\n<p>Nous sommes <strong>malheureusement tr\u00e8s nombreux \u00e0 d\u00e9noncer l&#8217;imposture qui se cache derri\u00e8re les lobbystes de l&#8217;\u00e9olien<\/strong>.<\/p>\n\n\n\n<p>Vous pourrez d\u00e9noncer ces projets en Combrailles en signant notre p\u00e9tition en ligne<\/p>\n\n\n\n<p><a href=\"https:\/\/www.mesopinions.com\/petition\/nature-environnement\/aux-projets-eoliens-combrailles\/173760?source=link&amp;tmstp=1647500947&amp;p=sharing\" target=\"_blank\" rel=\"noreferrer noopener\" title=\"Non aux projets \u00e9oliens en Combrailles\">Non aux projets \u00e9oliens en Combrailles<\/a><\/p>\n\n\n\n<p><\/p>\n\n\n\n<p> <strong>Nous n&#8217;avons qu&#8217;une seule plan\u00e8te, \u00e0 l\u00e9guer aux g\u00e9n\u00e9rations futures !<\/strong><\/p>\n\n\n\n<p><\/p>\n\n\n\n<p>P\u00e9titions nationales que vous pouvez \u00e9galement signer :<\/p>\n\n\n\n<figure class=\"wp-block-table\"><table><tbody><tr><td>Assembl\u00e9e nationale<\/td><td><a href=\"https:\/\/petitions.assemblee-nationale.fr\/initiatives\" target=\"_blank\" rel=\"noreferrer noopener\">https:\/\/petitions.assemblee-nationale.fr\/initiatives<\/a><\/td><\/tr><tr><td>S\u00e9nat<\/td><td><a href=\"https:\/\/petitions.senat.fr\/?locale=fr\" target=\"_blank\" rel=\"noreferrer noopener\">https:\/\/petitions.senat.fr\/?locale=fr<\/a><\/td><\/tr><\/tbody><\/table><\/figure>\n\n\n\n<p><\/p>\n\n\n\n<p><\/p>\n","protected":false},"excerpt":{"rendered":"<p>Nous sommes malheureusement tr\u00e8s nombreux \u00e0 d\u00e9noncer l&#8217;imposture qui se cache derri\u00e8re les lobbystes de l&#8217;\u00e9olien. Vous pourrez d\u00e9noncer ces projets en Combrailles en signant notre p\u00e9tition en ligne Non&#8230;<\/p>\n","protected":false},"author":1,"featured_media":0,"parent":0,"menu_order":0,"comment_status":"closed","ping_status":"closed","template":"","meta":{"om_disable_all_campaigns":false,"_monsterinsights_skip_tracking":false,"_monsterinsights_sitenote_active":false,"_monsterinsights_sitenote_note":"","_monsterinsights_sitenote_category":0,"ngg_post_thumbnail":0,"_kad_post_transparent":"","_kad_post_title":"","_kad_post_layout":"","_kad_post_sidebar_id":"","_kad_post_content_style":"","_kad_post_vertical_padding":"","_kad_post_feature":"","_kad_post_feature_position":"","_kad_post_header":false,"_kad_post_footer":false,"footnotes":""},"class_list":["post-1435","page","type-page","status-publish","hentry"],"aioseo_notices":[],"_links":{"self":[{"href":"https:\/\/acontrevents63.fr\/index.php?rest_route=\/wp\/v2\/pages\/1435","targetHints":{"allow":["GET"]}}],"collection":[{"href":"https:\/\/acontrevents63.fr\/index.php?rest_route=\/wp\/v2\/pages"}],"about":[{"href":"https:\/\/acontrevents63.fr\/index.php?rest_route=\/wp\/v2\/types\/page"}],"author":[{"embeddable":true,"href":"https:\/\/acontrevents63.fr\/index.php?rest_route=\/wp\/v2\/users\/1"}],"replies":[{"embeddable":true,"href":"https:\/\/acontrevents63.fr\/index.php?rest_route=%2Fwp%2Fv2%2Fcomments&post=1435"}],"version-history":[{"count":28,"href":"https:\/\/acontrevents63.fr\/index.php?rest_route=\/wp\/v2\/pages\/1435\/revisions"}],"predecessor-version":[{"id":1804,"href":"https:\/\/acontrevents63.fr\/index.php?rest_route=\/wp\/v2\/pages\/1435\/revisions\/1804"}],"wp:attachment":[{"href":"https:\/\/acontrevents63.fr\/index.php?rest_route=%2Fwp%2Fv2%2Fmedia&parent=1435"}],"curies":[{"name":"wp","href":"https:\/\/api.w.org\/{rel}","templated":true}]}}