{"id":1427,"date":"2022-02-27T11:32:03","date_gmt":"2022-02-27T10:32:03","guid":{"rendered":"https:\/\/acontrevents63.fr\/?page_id=1427"},"modified":"2022-03-12T11:40:47","modified_gmt":"2022-03-12T10:40:47","slug":"revue-de-presse","status":"publish","type":"page","link":"https:\/\/acontrevents63.fr\/?page_id=1427","title":{"rendered":"Revue de presse et t\u00e9moignages"},"content":{"rendered":"<p>&nbsp;<\/p>\n<p>Vous trouverez ci dessous, une liste d&#8217;articles parue dans les diff\u00e9rents m\u00e9dia, des t\u00e9moignages concernant les parcs \u00e9oliens et leurs impacts.<\/p>\n<p>&nbsp;<\/p>\n\n\n<div class=\"wp-block-columns is-layout-flex wp-container-core-columns-is-layout-9d6595d7 wp-block-columns-is-layout-flex\">\n<div class=\"wp-block-column is-layout-flow wp-block-column-is-layout-flow\" style=\"flex-basis:100%\">\n<div class=\"wp-block-columns is-layout-flex wp-container-core-columns-is-layout-9d6595d7 wp-block-columns-is-layout-flex\">\n<div class=\"wp-block-column is-layout-flow wp-block-column-is-layout-flow\">\n<figure class=\"wp-block-image size-large\"><img fetchpriority=\"high\" decoding=\"async\" width=\"1024\" height=\"682\" src=\"https:\/\/acontrevents63.fr\/wp-content\/uploads\/2022\/03\/newspapers-3488861_1280-1024x682.jpg\" alt=\"\" class=\"wp-image-1612\" srcset=\"https:\/\/acontrevents63.fr\/wp-content\/uploads\/2022\/03\/newspapers-3488861_1280-1024x682.jpg 1024w, https:\/\/acontrevents63.fr\/wp-content\/uploads\/2022\/03\/newspapers-3488861_1280-300x200.jpg 300w, https:\/\/acontrevents63.fr\/wp-content\/uploads\/2022\/03\/newspapers-3488861_1280-768x512.jpg 768w, https:\/\/acontrevents63.fr\/wp-content\/uploads\/2022\/03\/newspapers-3488861_1280.jpg 1280w\" sizes=\"(max-width: 1024px) 100vw, 1024px\" \/><\/figure>\n<\/div>\n\n\n\n<div class=\"wp-block-column is-layout-flow wp-block-column-is-layout-flow\"><ul class=\"wp-block-latest-posts__list wp-block-latest-posts\"><li><a class=\"wp-block-latest-posts__post-title\" href=\"https:\/\/acontrevents63.fr\/?p=1817\">La R\u00e9gion soutient les communes qui s&#8217;opposent \u00e0 l&#8217;\u00e9olien<\/a><\/li>\n<li><a class=\"wp-block-latest-posts__post-title\" href=\"https:\/\/acontrevents63.fr\/?p=1765\">D\u00e9pr\u00e9ciation des biens immobiliers: T\u00e9moignage de Daniel Quarato<\/a><\/li>\n<li><a class=\"wp-block-latest-posts__post-title\" href=\"https:\/\/acontrevents63.fr\/?p=1750\">Inauguration du Mat le mars 2022<\/a><\/li>\n<\/ul><\/div>\n<\/div>\n<\/div>\n<\/div>\n","protected":false},"excerpt":{"rendered":"<p>&nbsp; Vous trouverez ci dessous, une liste d&#8217;articles parue dans les diff\u00e9rents m\u00e9dia, des t\u00e9moignages concernant les parcs \u00e9oliens et leurs impacts. &nbsp;<\/p>\n","protected":false},"author":1,"featured_media":0,"parent":0,"menu_order":0,"comment_status":"closed","ping_status":"closed","template":"","meta":{"om_disable_all_campaigns":false,"_monsterinsights_skip_tracking":false,"_monsterinsights_sitenote_active":false,"_monsterinsights_sitenote_note":"","_monsterinsights_sitenote_category":0,"ngg_post_thumbnail":0,"_kad_post_transparent":"","_kad_post_title":"default","_kad_post_layout":"normal","_kad_post_sidebar_id":"","_kad_post_content_style":"unboxed","_kad_post_vertical_padding":"hide","_kad_post_feature":"hide","_kad_post_feature_position":"","_kad_post_header":false,"_kad_post_footer":false,"footnotes":""},"class_list":["post-1427","page","type-page","status-publish","hentry"],"aioseo_notices":[],"_links":{"self":[{"href":"https:\/\/acontrevents63.fr\/index.php?rest_route=\/wp\/v2\/pages\/1427","targetHints":{"allow":["GET"]}}],"collection":[{"href":"https:\/\/acontrevents63.fr\/index.php?rest_route=\/wp\/v2\/pages"}],"about":[{"href":"https:\/\/acontrevents63.fr\/index.php?rest_route=\/wp\/v2\/types\/page"}],"author":[{"embeddable":true,"href":"https:\/\/acontrevents63.fr\/index.php?rest_route=\/wp\/v2\/users\/1"}],"replies":[{"embeddable":true,"href":"https:\/\/acontrevents63.fr\/index.php?rest_route=%2Fwp%2Fv2%2Fcomments&post=1427"}],"version-history":[{"count":27,"href":"https:\/\/acontrevents63.fr\/index.php?rest_route=\/wp\/v2\/pages\/1427\/revisions"}],"predecessor-version":[{"id":1798,"href":"https:\/\/acontrevents63.fr\/index.php?rest_route=\/wp\/v2\/pages\/1427\/revisions\/1798"}],"wp:attachment":[{"href":"https:\/\/acontrevents63.fr\/index.php?rest_route=%2Fwp%2Fv2%2Fmedia&parent=1427"}],"curies":[{"name":"wp","href":"https:\/\/api.w.org\/{rel}","templated":true}]}}