{"id":1355,"date":"2022-02-20T18:33:24","date_gmt":"2022-02-20T17:33:24","guid":{"rendered":"https:\/\/acontrevents63.fr\/?page_id=1355"},"modified":"2023-12-28T20:51:20","modified_gmt":"2023-12-28T19:51:20","slug":"simulations-photos","status":"publish","type":"page","link":"https:\/\/acontrevents63.fr\/?page_id=1355","title":{"rendered":"Simulations photos et vid\u00e9os"},"content":{"rendered":"\n<p>Simulations photos de la future usine d&#8217;\u00e9oliennes dans les Combrailles <\/p>\n\n\n\n<p>Consultez la  <a href=\"https:\/\/acontrevents63.fr\/?p=2054\" title=\"\">M\u00e9thode de construction des photos de simulation<\/a>.<\/p>\n\n\n\n<p>Sur la carte ci-dessous, les drapeaux correspondent aux emplacements des \u00e9oliennes avec les derni\u00e8res informations fournies par Montcel Durable. Il ne reste que 3 \u00e9oliennes et toutes sont sur la commune de Saint Hilaire la Croix.<\/p>\n\n\n\n<p>Vous pouvez d\u00e9couvrir quel pourrait \u00eatre le paysage en cliquant sur les points d\u2019o\u00f9 ont \u00e9t\u00e9 prises les photos.<\/p>\n\n\n<style type=\"text\/css\" id=\"umsMapStyles_1_32297\">\r\n    #ultimate_maps_1_32297 {\r\n        width: 100%;\r\n        height: 800px;\r\n                border: 0px solid ;\r\n        margin: 0px;\r\n    }\r\n    #mapsControlsNum_1_32297 {\r\n        width:100%    }\r\n    .umsMapDetailsContainer#umsMapDetailsContainer_1_32297 {\r\n        height:800px;\r\n    }\r\n    .ums_MapPreview#ultimate_maps_1_32297 {\r\n        \/*position:absolute;*\/\r\n        width:100%;\r\n    }\r\n    #mapConElem_1_32297{\r\n        width:100%    }\r\n    <\/style><div class=\"ums_map_opts\" id=\"mapConElem_1_32297\" data-id=\"1\" data-view-id=\"1_32297\" > <div class=\"umsMapDetailsContainer\" id=\"umsMapDetailsContainer_1_32297\"> <i class=\"umsKMLLayersPreloader fa fa-spinner fa-spin\" aria-hidden=\"true\" style=\"display: none;\"><\/i> <div class=\"ums_MapPreview \" id=\"ultimate_maps_1_32297\"><\/div> <\/div> <div class=\"umsMapMarkerFilters\" id=\"umsMapMarkerFilters_1_32297\"> <\/div> <div class=\"umsMapProControlsCon\" id=\"umsMapProControlsCon_1_32297\"> <a title=\"WP Google Maps\" style=\"display:none;\" href=\"https:\/\/supsystic.com\/plugins\/google-maps-plugin\/?utm_medium=love_link_hide\" target=\"_blank\">WP Google Maps<\/a><div style=\"clear: both;\"><\/div> <\/div> <div class=\"umsMapProDirectionsCon\" id=\"umsMapProDirectionsCon_1_32297\" > <\/div> <div class=\"umsMapProKmlFilterCon\" id=\"umsMapProKmlFilterCon_1_32297\" > <\/div> <div class=\"umsSocialSharingShell umsSocialSharingShell_1_32297\"> <\/div> <div style=\"clear: both;\"><\/div> <\/div>\n\n\n<p>&nbsp;&nbsp;&nbsp;&nbsp;<\/p>","protected":false},"excerpt":{"rendered":"<p>Simulations photos de la future usine d&#8217;\u00e9oliennes dans les Combrailles Consultez la M\u00e9thode de construction des photos de simulation. Sur la carte ci-dessous, les drapeaux correspondent aux emplacements des \u00e9oliennes&#8230;<\/p>\n","protected":false},"author":1,"featured_media":0,"parent":0,"menu_order":0,"comment_status":"closed","ping_status":"closed","template":"","meta":{"om_disable_all_campaigns":false,"_monsterinsights_skip_tracking":false,"_monsterinsights_sitenote_active":false,"_monsterinsights_sitenote_note":"","_monsterinsights_sitenote_category":0,"ngg_post_thumbnail":0,"_kad_post_transparent":"","_kad_post_title":"","_kad_post_layout":"","_kad_post_sidebar_id":"","_kad_post_content_style":"","_kad_post_vertical_padding":"","_kad_post_feature":"","_kad_post_feature_position":"","_kad_post_header":false,"_kad_post_footer":false,"footnotes":""},"class_list":["post-1355","page","type-page","status-publish","hentry"],"aioseo_notices":[],"_links":{"self":[{"href":"https:\/\/acontrevents63.fr\/index.php?rest_route=\/wp\/v2\/pages\/1355","targetHints":{"allow":["GET"]}}],"collection":[{"href":"https:\/\/acontrevents63.fr\/index.php?rest_route=\/wp\/v2\/pages"}],"about":[{"href":"https:\/\/acontrevents63.fr\/index.php?rest_route=\/wp\/v2\/types\/page"}],"author":[{"embeddable":true,"href":"https:\/\/acontrevents63.fr\/index.php?rest_route=\/wp\/v2\/users\/1"}],"replies":[{"embeddable":true,"href":"https:\/\/acontrevents63.fr\/index.php?rest_route=%2Fwp%2Fv2%2Fcomments&post=1355"}],"version-history":[{"count":12,"href":"https:\/\/acontrevents63.fr\/index.php?rest_route=\/wp\/v2\/pages\/1355\/revisions"}],"predecessor-version":[{"id":2411,"href":"https:\/\/acontrevents63.fr\/index.php?rest_route=\/wp\/v2\/pages\/1355\/revisions\/2411"}],"wp:attachment":[{"href":"https:\/\/acontrevents63.fr\/index.php?rest_route=%2Fwp%2Fv2%2Fmedia&parent=1355"}],"curies":[{"name":"wp","href":"https:\/\/api.w.org\/{rel}","templated":true}]}}