{"id":1345,"date":"2022-02-20T18:08:52","date_gmt":"2022-02-20T17:08:52","guid":{"rendered":"https:\/\/acontrevents63.fr\/?page_id=1345"},"modified":"2022-10-15T23:44:15","modified_gmt":"2022-10-15T21:44:15","slug":"mentions-legales","status":"publish","type":"page","link":"https:\/\/acontrevents63.fr\/?page_id=1345","title":{"rendered":"Mentions l\u00e9gales"},"content":{"rendered":"\n<p>Conform\u00e9ment aux dispositions de la loi n\u00b0 2004-575 du 21 juin 2004 pour la confiance en l\u2019\u00e9conomie num\u00e9rique, il est pr\u00e9cis\u00e9 aux utilisateurs du site&nbsp;acontrevetns63.fr&nbsp;l\u2019identit\u00e9 des diff\u00e9rents intervenants dans le cadre de sa r\u00e9alisation et de son suivi.<\/p>\n\n\n\n<p>Le site est \u00e9dit\u00e9 par l\u2019association A contre-Vents, dont le si\u00e8ge social est situ\u00e9 \u00e0 Saint Hilaire la Croix (Puy de D\u00f4me), immatricul\u00e9e au registre des associations sous le num\u00e9ro : WW634007555.<\/p>\n\n\n\n<p>Responsable de publication : Pr\u00e9sident de A Contre-Vents<\/p>\n\n\n\n<p>H\u00e9bergeur Hostinger International &#8211; 61 Lordou Vironos, Larnaca, CY, 6023 &#8211; Chypre<\/p>\n\n\n\n<p>Le site ne recueille d\u2019informations personnelles que pour les seuls adh\u00e9rent de l\u2019association. Le stockage des donn\u00e9es personnelles est exclusivement r\u00e9alis\u00e9 sur les centre de donn\u00e9es localis\u00e9s dans des \u00c9tats membres de l\u2019Union Europ\u00e9enne.<\/p>\n\n\n\n<p>Nous contacter acontrevents63@gmail.com<\/p>\n\n\n\n<p>Conform\u00e9ment aux dispositions de la loi 78-17 du 6 janvier 1978 modifi\u00e9e, l\u2019utilisateur dispose d\u2019un droit d\u2019acc\u00e8s, de modification et de suppression des informations collect\u00e9es. Pour exercer ce droit, il reviendra \u00e0 l\u2019Utilisateur d\u2019envoyer un message \u00e0 l\u2019adresse suivante : acontrevents63@gmail.com<\/p>\n","protected":false},"excerpt":{"rendered":"<p>Conform\u00e9ment aux dispositions de la loi n\u00b0 2004-575 du 21 juin 2004 pour la confiance en l\u2019\u00e9conomie num\u00e9rique, il est pr\u00e9cis\u00e9 aux utilisateurs du site&nbsp;acontrevetns63.fr&nbsp;l\u2019identit\u00e9 des diff\u00e9rents intervenants dans le&#8230;<\/p>\n","protected":false},"author":1,"featured_media":0,"parent":0,"menu_order":0,"comment_status":"closed","ping_status":"closed","template":"","meta":{"om_disable_all_campaigns":false,"_monsterinsights_skip_tracking":false,"_monsterinsights_sitenote_active":false,"_monsterinsights_sitenote_note":"","_monsterinsights_sitenote_category":0,"ngg_post_thumbnail":0,"_kad_post_transparent":"","_kad_post_title":"show","_kad_post_layout":"narrow","_kad_post_sidebar_id":"","_kad_post_content_style":"boxed","_kad_post_vertical_padding":"","_kad_post_feature":"","_kad_post_feature_position":"","_kad_post_header":false,"_kad_post_footer":false,"footnotes":""},"class_list":["post-1345","page","type-page","status-publish","hentry"],"aioseo_notices":[],"_links":{"self":[{"href":"https:\/\/acontrevents63.fr\/index.php?rest_route=\/wp\/v2\/pages\/1345","targetHints":{"allow":["GET"]}}],"collection":[{"href":"https:\/\/acontrevents63.fr\/index.php?rest_route=\/wp\/v2\/pages"}],"about":[{"href":"https:\/\/acontrevents63.fr\/index.php?rest_route=\/wp\/v2\/types\/page"}],"author":[{"embeddable":true,"href":"https:\/\/acontrevents63.fr\/index.php?rest_route=\/wp\/v2\/users\/1"}],"replies":[{"embeddable":true,"href":"https:\/\/acontrevents63.fr\/index.php?rest_route=%2Fwp%2Fv2%2Fcomments&post=1345"}],"version-history":[{"count":3,"href":"https:\/\/acontrevents63.fr\/index.php?rest_route=\/wp\/v2\/pages\/1345\/revisions"}],"predecessor-version":[{"id":1997,"href":"https:\/\/acontrevents63.fr\/index.php?rest_route=\/wp\/v2\/pages\/1345\/revisions\/1997"}],"wp:attachment":[{"href":"https:\/\/acontrevents63.fr\/index.php?rest_route=%2Fwp%2Fv2%2Fmedia&parent=1345"}],"curies":[{"name":"wp","href":"https:\/\/api.w.org\/{rel}","templated":true}]}}