{"id":1337,"date":"2022-02-20T18:03:49","date_gmt":"2022-02-20T17:03:49","guid":{"rendered":"https:\/\/acontrevents63.fr\/?page_id=1337"},"modified":"2023-03-24T16:17:10","modified_gmt":"2023-03-24T15:17:10","slug":"accueil","status":"publish","type":"page","link":"https:\/\/acontrevents63.fr\/","title":{"rendered":"Pr\u00e9servons nos Combrailles"},"content":{"rendered":"\n<div class=\"wp-block-columns is-layout-flex wp-container-core-columns-is-layout-9d6595d7 wp-block-columns-is-layout-flex\">\n<div class=\"wp-block-column is-layout-flow wp-block-column-is-layout-flow\" style=\"flex-basis:66.66%\">\n<p>Bonjour \u00e0 tous,<\/p>\n\n\n\n<p>L&#8217;objet de notre association est de&nbsp;vouloir PRESERVER:<\/p>\n\n\n\n<ul class=\"wp-block-list\">\n<li>l&#8217;environnement de la pollution engendr\u00e9e par l&#8217;installation et l&#8217;exploitation d&#8217;\u00e9oliennes (b\u00e9tons, lignes \u00e9lectriques, m\u00e9taux, bruit, huiles, recyclage, rentabilit\u00e9 pour nos communes etc.),&nbsp;<\/li>\n\n\n\n<li>notre patrimoine naturel (Combrailles, Cha\u00eene des Puys ..),<\/li>\n\n\n\n<li>notre sant\u00e9 des dangers reconnus et \u00e0 venir de la vie \u00e0 proximit\u00e9 d&#8217;\u00e9oliennes,<\/li>\n\n\n\n<li>La vie et la production agricole,<\/li>\n\n\n\n<li>La valeur de nos biens immobiliers<\/li>\n<\/ul>\n\n\n\n<p>Nous ne sommes pas anti-\u00e9cologie, bien au contraire, car bien conscient de n&#8217;avoir qu&#8217;une seule plan\u00e8te \u00e0 l\u00e9guer aux g\u00e9n\u00e9rations futures !<\/p>\n\n\n\n<p>Nous sommes convaincus que l\u2019\u00e9olien n\u2019est pas \u00e9cologique (bien que l\u2019\u00e9nergie produite, aussi minime soit-elle, soit renouvelable).<\/p>\n\n\n\n<p>Aujourd\u2019hui, notre association regroupe les habitants des communes de Saint Hilaire la Croix, Montcel et Champs. Nous sommes tous les 3 concern\u00e9s par des projets \u00e9oliens avec simplement des promoteurs diff\u00e9rents. Toutefois nous parlons du m\u00eame projet global qui utiliserait une ligne \u00e9lectrique d\u00e9di\u00e9e entre Saint Hilaire la Croix et Aigueperse pour l\u2019acheminement de l\u2019\u00e9lectricit\u00e9 produite.\u00a0<\/p>\n\n\n\nngg_shortcode_0_placeholder\n\n\n\n<p class=\"has-text-align-center\"><strong>Les photos ci-dessus, si elles ne sont pas libres de droit, sont libres d\u2019\u00e9oliennes.<\/strong><\/p>\n\n\n\n<p>Le site est souvent mis \u00e0 jour , revenez-nous voir r\u00e9guli\u00e8rement.<\/p>\n\n\n\n<p>A tr\u00e8s bient\u00f4t sur notre site et \u00e0 nos c\u00f4t\u00e9s sur le terrain.<\/p>\n<\/div>\n\n\n\n<div class=\"wp-block-column is-layout-flow wp-block-column-is-layout-flow\" style=\"flex-basis:33.33%\">\n<p><\/p>\n\n\n\n<p><\/p>\n\n\n\n<p><\/p>\n\n\n\n<p><\/p>\n\n\n\n<h2 class=\"wp-block-heading\">Derni\u00e8res infos<\/h2>\n\n\n<ul class=\"wp-block-latest-posts__list wp-block-latest-posts\"><li><a class=\"wp-block-latest-posts__post-title\" href=\"https:\/\/acontrevents63.fr\/?p=2118\">Les adh\u00e9sions 2026 sont disponibles !<\/a><\/li>\n<li><a class=\"wp-block-latest-posts__post-title\" href=\"https:\/\/acontrevents63.fr\/?p=2429\">Compte-rendu de la r\u00e9union publique du samedi 27 janvier 2024 \u00e0 Saint Hilaire la Croix<\/a><\/li>\n<li><a class=\"wp-block-latest-posts__post-title\" href=\"https:\/\/acontrevents63.fr\/?p=2418\">Mises \u00e0 jour du projet<\/a><\/li>\n<li><a class=\"wp-block-latest-posts__post-title\" href=\"https:\/\/acontrevents63.fr\/?p=2340\">Cartes du potentiel \u00e9olien Comcom Combrailles, Sioule et Morge<\/a><\/li>\n<li><a class=\"wp-block-latest-posts__post-title\" href=\"https:\/\/acontrevents63.fr\/?p=2331\">Manifestation pour le conseil municipal Saint Hilaire la Croix du 8 D\u00e9cembre 2023<\/a><\/li>\n<\/ul><\/div>\n<\/div>\n\n\n\n<p><\/p>\n","protected":false},"excerpt":{"rendered":"<p>Bonjour \u00e0 tous, L&#8217;objet de notre association est de&nbsp;vouloir PRESERVER: Nous ne sommes pas anti-\u00e9cologie, bien au contraire, car bien conscient de n&#8217;avoir qu&#8217;une seule plan\u00e8te \u00e0 l\u00e9guer aux g\u00e9n\u00e9rations&#8230;<\/p>\n","protected":false},"author":1,"featured_media":0,"parent":0,"menu_order":0,"comment_status":"closed","ping_status":"closed","template":"","meta":{"om_disable_all_campaigns":false,"_monsterinsights_skip_tracking":false,"_monsterinsights_sitenote_active":false,"_monsterinsights_sitenote_note":"","_monsterinsights_sitenote_category":0,"ngg_post_thumbnail":0,"_kad_post_transparent":"","_kad_post_title":"","_kad_post_layout":"","_kad_post_sidebar_id":"","_kad_post_content_style":"default","_kad_post_vertical_padding":"default","_kad_post_feature":"","_kad_post_feature_position":"","_kad_post_header":false,"_kad_post_footer":false,"footnotes":""},"class_list":["post-1337","page","type-page","status-publish","hentry"],"aioseo_notices":[],"_links":{"self":[{"href":"https:\/\/acontrevents63.fr\/index.php?rest_route=\/wp\/v2\/pages\/1337","targetHints":{"allow":["GET"]}}],"collection":[{"href":"https:\/\/acontrevents63.fr\/index.php?rest_route=\/wp\/v2\/pages"}],"about":[{"href":"https:\/\/acontrevents63.fr\/index.php?rest_route=\/wp\/v2\/types\/page"}],"author":[{"embeddable":true,"href":"https:\/\/acontrevents63.fr\/index.php?rest_route=\/wp\/v2\/users\/1"}],"replies":[{"embeddable":true,"href":"https:\/\/acontrevents63.fr\/index.php?rest_route=%2Fwp%2Fv2%2Fcomments&post=1337"}],"version-history":[{"count":58,"href":"https:\/\/acontrevents63.fr\/index.php?rest_route=\/wp\/v2\/pages\/1337\/revisions"}],"predecessor-version":[{"id":2577,"href":"https:\/\/acontrevents63.fr\/index.php?rest_route=\/wp\/v2\/pages\/1337\/revisions\/2577"}],"wp:attachment":[{"href":"https:\/\/acontrevents63.fr\/index.php?rest_route=%2Fwp%2Fv2%2Fmedia&parent=1337"}],"curies":[{"name":"wp","href":"https:\/\/api.w.org\/{rel}","templated":true}]}}